{"id":1622,"date":"2018-07-30T12:11:41","date_gmt":"2018-07-30T10:11:41","guid":{"rendered":"https:\/\/mulinbarot.it\/chi-siamo\/"},"modified":"2019-09-03T08:29:17","modified_gmt":"2019-09-03T06:29:17","slug":"uber-uns","status":"publish","type":"page","link":"https:\/\/mulinbarot.it\/de\/uber-uns\/","title":{"rendered":"\u00dcber Uns"},"content":{"rendered":"<\/div><\/div><\/div><!-- close content main div --><\/div><\/div><div id='av_section_1' class='avia-section main_color avia-section-default avia-no-border-styling avia-full-stretch av-section-color-overlay-active avia-bg-style-scroll    av-minimum-height av-minimum-height-50 container_wrap fullsize lazyload' style = 'background-repeat: no-repeat; background-image:inherit;background-attachment: scroll; background-position: center center; ' data-section-bg-repeat='stretch'  data-bg-image='url(https:\/\/mulinbarot.it\/wp-content\/uploads\/2018\/10\/mulinbarot_chisiamo_canvas.jpg)'><div class='av-section-color-overlay-wrap'><div class='av-section-color-overlay' style='opacity: 0.7; background-color: #000000; '><\/div><div class='container' ><div class='template-page content  av-content-full alpha units'><div class='post-entry post-entry-type-page post-entry-1622'><div class='entry-content-wrapper clearfix'>\n<div class=\"flex_column av_one_half  flex_column_div av-zero-column-padding first  \" style='border-radius:0px; '><section class=\"av_textblock_section \"  itemscope=\"itemscope\" itemtype=\"https:\/\/schema.org\/CreativeWork\" ><div class='avia_textblock  av_inherit_color '  style='color:#ffffff; '  itemprop=\"text\" ><h1 class=\"whiteTitles\" style=\"font-size: 36px;\">\u00dcber Uns<\/h1>\n<\/div><\/section><\/div><div class=\"flex_column av_one_third  flex_column_div av-zero-column-padding first  \" style='border-radius:0px; '><section class=\"av_textblock_section \"  itemscope=\"itemscope\" itemtype=\"https:\/\/schema.org\/CreativeWork\" ><div class='avia_textblock  av_inherit_color '   itemprop=\"text\" ><h4 style=\"color: #422a1f !important; font-size: 26px !important;\">F\u00fcr alle die den Geschmack der guten und einfachen Dinge lieben, mit allen Nuancen der Tradition.<\/h4>\n<\/div><\/section><\/div><div class=\"flex_column av_two_third  flex_column_div av-zero-column-padding   \" style='border-radius:0px; '><section class=\"av_textblock_section \"  itemscope=\"itemscope\" itemtype=\"https:\/\/schema.org\/CreativeWork\" ><div class='avia_textblock  '   itemprop=\"text\" ><p>Das Herz des Mulin d\u00b4Barot verbirgt sich in den W\u00e4ldern von Coassolo, in einer alten M\u00fchle, in der sich noch die M\u00fchle befindet mit der die Waln\u00fcsse zu \u00d6l gemahlen wurden sowie die Steinm\u00fchlen f\u00fcr das Mehl und das alte Gewicht, alles noch gut erhalten.<br \/>\nDie Leidenschaft von Giovanni Barra hat, zusammen mit seiner Frau und seinen Kindern, die Arbeit der Eltern und davor die der Gro\u00df- und Urgro\u00dfeltern fortgesetzt und ist den Spuren einer Unternehmensgeschichte gefolgt, die 1855 begann.<\/p>\n<p>Das Zentrum der Produktionst\u00e4tigkeit befindet sich dagegen in der Werkstatt in Regione Plassa 7, an der Stra\u00dfe, die von Lanzo nach Coassolo Torinese f\u00fchrt. Hier werden alle Produkte von Mulin d&#8217; Barot hergestellt, wie die Original Torcetti di Lanzo, die Meliga-Kekse, die Brotstangen und vieles mehr.<br \/>\nDas Brot ist nach wie vor ein Bezugspunkt f\u00fcr das Unternehmen, vor allem das &#8220;grobe&#8221; Brote, der &#8220;Miccone&#8221;, mit nat\u00fcrlichem Sauerteig, so benannt nach der Gr\u00f6\u00dfe der Form und der Konsistenz der Krume sowie nach der F\u00e4higkeit tagelang gut zu bleiben.<\/p>\n<p>Die bekanntesten Spezialit\u00e4ten sind die Torcettini di Lanzo, die Brotstangen Rubat\u00e0 und &#8220;Stiratin&#8221; und die Meliga-Kekse.<br \/>\nDie ersten, im 18. Jahrhundert wegen ihrer verdrehten Form so genannten Kekse waren die Lieblingskekse der Savoyen, die aus dem Brotteig gewonnen und in Zucker gewendet wurden.<br \/>\nHeute wie damals werden die Torcetti del Mulin in Handarbeit hergestellt und erobern mit ihrem Duft die Gaumen.<br \/>\nMit den Savoyen verbunden sind auch dieRubat\u00e0, handgefertigte Brotstangen ohne Schmalz und Malz, sondern nur mit Salz, Wasser, Hefe und Mehl. Der \u00dcberlieferung nach wurden sie von einem B\u00e4cker des Hauses Savoyen erfunden.<\/p>\n<p>Die Stiratin sind eine exklusive Kreation von Giovanni Barra, in denen das native Oliven\u00f6l extra die Zutat ist, die diese Brotstangen zu etwas Besonderem machen.<br \/>\nUnd dann noch die Meliga-Kekse, die typischen Kekse des Piemont, die durch ihre runde Form und das Maismehl aus denen sie gemacht werden, erkennbar sind.<\/p>\n<\/div><\/section><\/div><\/div><\/div><\/div><!-- close content main div --><\/div><\/div><\/div><div id='av_section_2' class='avia-section main_color avia-section-large avia-no-border-styling avia-bg-style-scroll    av-small-hide av-mini-hide container_wrap fullsize' style = 'background-image: '  ><div class='container' ><div class='template-page content  av-content-full alpha units'><div class='post-entry post-entry-type-page post-entry-1622'><div class='entry-content-wrapper clearfix'>\n<section class=\"av_textblock_section \"  itemscope=\"itemscope\" itemtype=\"https:\/\/schema.org\/CreativeWork\" ><div class='avia_textblock  av_inherit_color '   itemprop=\"text\" ><h4 style=\"color: #422a1f !important; text-align: center;\">Unsere Werte<\/h4>\n<h6 style=\"text-align: center;\"><\/h6>\n<p><img loading=\"lazy\" decoding=\"async\" class=\"aligncenter size-full wp-image-216 lazyload\" data-src=\"https:\/\/mulinbarot.it\/wp-content\/uploads\/2018\/06\/mulinbarot_sign2.png\" alt=\"\" width=\"16\" height=\"10\" src=\"data:image\/gif;base64,R0lGODlhAQABAAAAACH5BAEKAAEALAAAAAABAAEAAAICTAEAOw==\" style=\"--smush-placeholder-width: 16px; --smush-placeholder-aspect-ratio: 16\/10;\" \/><noscript><img loading=\"lazy\" decoding=\"async\" class=\"aligncenter size-full wp-image-216 lazyload\" data-src=\"https:\/\/mulinbarot.it\/wp-content\/uploads\/2018\/06\/mulinbarot_sign2.png\" alt=\"\" width=\"16\" height=\"10\" src=\"data:image\/gif;base64,R0lGODlhAQABAAAAACH5BAEKAAEALAAAAAABAAEAAAICTAEAOw==\" style=\"--smush-placeholder-width: 16px; --smush-placeholder-aspect-ratio: 16\/10;\" \/><noscript><img loading=\"lazy\" decoding=\"async\" class=\"aligncenter size-full wp-image-216\" src=\"https:\/\/mulinbarot.it\/wp-content\/uploads\/2018\/06\/mulinbarot_sign2.png\" alt=\"\" width=\"16\" height=\"10\" \/><\/noscript><\/noscript><\/p>\n<\/div><\/section>\n<div style='height:50px' class='hr hr-invisible   '><span class='hr-inner ' ><span class='hr-inner-style'><\/span><\/span><\/div>\n<div class='flex_column_table av-equal-height-column-flextable -flextable' ><div class=\"flex_column av_one_third  no_margin flex_column_table_cell av-equal-height-column av-align-middle first  B2BborderDash chisiamoSx \" style='background: #f3f1e9; padding:50px 20px 50px 20px ; background-color:#f3f1e9; border-radius:0px; '><section class=\"av_textblock_section \"  itemscope=\"itemscope\" itemtype=\"https:\/\/schema.org\/CreativeWork\" ><div class='avia_textblock  '   itemprop=\"text\" ><h4 class=\"B2BTitles\" style=\"color: #c47c5a; text-align: center; font-size: 28px;\">Tradition<\/h4>\n<\/div><\/section><\/div><\/div><!--close column table wrapper. Autoclose: 1 --><div class='flex_column_table av-equal-height-column-flextable -flextable' ><div class=\"flex_column av_one_third  no_margin flex_column_table_cell av-equal-height-column av-align-middle   B2BborderDash chisiamo \" style='background: #c47c5a; padding:50px 20px 50px 20px ; background-color:#c47c5a; border-radius:0px; '><section class=\"av_textblock_section \"  itemscope=\"itemscope\" itemtype=\"https:\/\/schema.org\/CreativeWork\" ><div class='avia_textblock  '   itemprop=\"text\" ><h4 class=\"whiteTitles\" style=\"color: #c47c5a; text-align: center; font-size: 28px;\">Handwerkskunst<\/h4>\n<\/div><\/section><\/div><\/div><!--close column table wrapper. Autoclose: 1 --><div class='flex_column_table av-equal-height-column-flextable -flextable' ><div class=\"flex_column av_one_third  no_margin flex_column_table_cell av-equal-height-column av-align-middle   B2BborderDash chisiamoDx \" style='background: #46291e; padding:50px 0px 50px 0px ; background-color:#46291e; border-radius:0px; '><section class=\"av_textblock_section \"  itemscope=\"itemscope\" itemtype=\"https:\/\/schema.org\/CreativeWork\" ><div class='avia_textblock whiteText '   itemprop=\"text\" ><h4 class=\"B2BTitles\" style=\"color: #c47c5a; text-align: center; font-size: 28px;\">Einfachheit<\/h4>\n<\/div><\/section><\/div><\/div><!--close column table wrapper. Autoclose: 1 --><\/div><\/div><\/div><!-- close content main div --><\/div><\/div><div id='av_section_3' class='avia-section main_color avia-section-large avia-no-border-styling avia-bg-style-scroll    av-desktop-hide av-medium-hide container_wrap fullsize' style = 'background-image: '  ><div class='container' ><div class='template-page content  av-content-full alpha units'><div class='post-entry post-entry-type-page post-entry-1622'><div class='entry-content-wrapper clearfix'>\n<section class=\"av_textblock_section \"  itemscope=\"itemscope\" itemtype=\"https:\/\/schema.org\/CreativeWork\" ><div class='avia_textblock  av_inherit_color '   itemprop=\"text\" ><h4 style=\"color: #422a1f !important; text-align: center;\">Unsere Werte<\/h4>\n<h6 style=\"text-align: center;\"><\/h6>\n<p><img loading=\"lazy\" decoding=\"async\" class=\"aligncenter size-full wp-image-216 lazyload\" data-src=\"https:\/\/mulinbarot.it\/wp-content\/uploads\/2018\/06\/mulinbarot_sign2.png\" alt=\"\" width=\"16\" height=\"10\" src=\"data:image\/gif;base64,R0lGODlhAQABAAAAACH5BAEKAAEALAAAAAABAAEAAAICTAEAOw==\" style=\"--smush-placeholder-width: 16px; --smush-placeholder-aspect-ratio: 16\/10;\" \/><noscript><img loading=\"lazy\" decoding=\"async\" class=\"aligncenter size-full wp-image-216 lazyload\" data-src=\"https:\/\/mulinbarot.it\/wp-content\/uploads\/2018\/06\/mulinbarot_sign2.png\" alt=\"\" width=\"16\" height=\"10\" src=\"data:image\/gif;base64,R0lGODlhAQABAAAAACH5BAEKAAEALAAAAAABAAEAAAICTAEAOw==\" style=\"--smush-placeholder-width: 16px; --smush-placeholder-aspect-ratio: 16\/10;\" \/><noscript><img loading=\"lazy\" decoding=\"async\" class=\"aligncenter size-full wp-image-216\" src=\"https:\/\/mulinbarot.it\/wp-content\/uploads\/2018\/06\/mulinbarot_sign2.png\" alt=\"\" width=\"16\" height=\"10\" \/><\/noscript><\/noscript><\/p>\n<\/div><\/section>\n<div style='height:50px' class='hr hr-invisible   '><span class='hr-inner ' ><span class='hr-inner-style'><\/span><\/span><\/div>\n<div class='flex_column_table av-equal-height-column-flextable -flextable' ><div class=\"flex_column av_one_full  flex_column_table_cell av-equal-height-column av-align-middle first  B2BborderDash chisiamoSx \" style='background: #f3f1e9; padding:50px 20px 50px 20px ; background-color:#f3f1e9; border-radius:0px; '><section class=\"av_textblock_section \"  itemscope=\"itemscope\" itemtype=\"https:\/\/schema.org\/CreativeWork\" ><div class='avia_textblock  '   itemprop=\"text\" ><h4 class=\"B2BTitles\" style=\"color: #c47c5a; text-align: center;\">Tradition<\/h4>\n<\/div><\/section><\/div><\/div><!--close column table wrapper. Autoclose: 1 --><div class='flex_column_table av-equal-height-column-flextable -flextable' ><div class=\"flex_column av_one_full  no_margin flex_column_table_cell av-equal-height-column av-align-middle first  B2BborderDash chisiamo \" style='background: #c47c5a; padding:50px 20px 50px 20px ; background-color:#c47c5a; border-radius:0px; '><section class=\"av_textblock_section \"  itemscope=\"itemscope\" itemtype=\"https:\/\/schema.org\/CreativeWork\" ><div class='avia_textblock  '   itemprop=\"text\" ><h4 class=\"whiteTitles\" style=\"color: #c47c5a; text-align: center;\">Handwerkskunst<\/h4>\n<\/div><\/section><\/div><\/div><!--close column table wrapper. Autoclose: 1 --><div class='flex_column_table av-equal-height-column-flextable -flextable' ><div class=\"flex_column av_one_full  no_margin flex_column_table_cell av-equal-height-column av-align-middle first  B2BborderDash chisiamoDx \" style='background: #46291e; padding:50px 0px 50px 0px ; background-color:#46291e; border-radius:0px; '><section class=\"av_textblock_section \"  itemscope=\"itemscope\" itemtype=\"https:\/\/schema.org\/CreativeWork\" ><div class='avia_textblock whiteText '   itemprop=\"text\" ><h4 class=\"B2BTitles\" style=\"color: #c47c5a; text-align: center;\">Einfachheit<\/h4>\n<\/div><\/section><\/div><\/div><!--close column table wrapper. Autoclose: 1 --><\/p>\n","protected":false},"excerpt":{"rendered":"","protected":false},"author":1,"featured_media":0,"parent":0,"menu_order":0,"comment_status":"closed","ping_status":"closed","template":"","meta":{"_acf_changed":false,"inline_featured_image":false,"footnotes":""},"class_list":["post-1622","page","type-page","status-publish","hentry"],"acf":[],"jetpack_sharing_enabled":true,"_links":{"self":[{"href":"https:\/\/mulinbarot.it\/de\/wp-json\/wp\/v2\/pages\/1622","targetHints":{"allow":["GET"]}}],"collection":[{"href":"https:\/\/mulinbarot.it\/de\/wp-json\/wp\/v2\/pages"}],"about":[{"href":"https:\/\/mulinbarot.it\/de\/wp-json\/wp\/v2\/types\/page"}],"author":[{"embeddable":true,"href":"https:\/\/mulinbarot.it\/de\/wp-json\/wp\/v2\/users\/1"}],"replies":[{"embeddable":true,"href":"https:\/\/mulinbarot.it\/de\/wp-json\/wp\/v2\/comments?post=1622"}],"version-history":[{"count":2,"href":"https:\/\/mulinbarot.it\/de\/wp-json\/wp\/v2\/pages\/1622\/revisions"}],"predecessor-version":[{"id":1626,"href":"https:\/\/mulinbarot.it\/de\/wp-json\/wp\/v2\/pages\/1622\/revisions\/1626"}],"wp:attachment":[{"href":"https:\/\/mulinbarot.it\/de\/wp-json\/wp\/v2\/media?parent=1622"}],"curies":[{"name":"wp","href":"https:\/\/api.w.org\/{rel}","templated":true}]}}