{"id":1645,"date":"2018-06-15T13:24:32","date_gmt":"2018-06-15T11:24:32","guid":{"rendered":"https:\/\/mulinbarot.it\/contatti\/"},"modified":"2019-09-03T09:00:05","modified_gmt":"2019-09-03T07:00:05","slug":"kontakte","status":"publish","type":"page","link":"https:\/\/mulinbarot.it\/de\/kontakte\/","title":{"rendered":"Kontakte"},"content":{"rendered":"<div class=\"av_gmaps_sc_main_wrap av_gmaps_main_wrap\"><div id='av_gmap_0' class='avia-google-map-container avia-google-map-sc av_gmaps_show_unconditionally av-no-fallback-img ' data-mapid='av_gmap_0'  style='height: 500px;'><a class=\"av_gmaps_browser_disabled av_text_confirm_link av_text_confirm_link_visible\" href=\"https:\/\/www.google.com\/maps\/search\/?api=1&#038;query=Via%20Giacomo%20Matteotti%2016%2010074%20Lanzo%20Torinese%20Italia\" target=\"_blank\">Maps were disabled by the visitor on this site.<\/a><\/div><\/div>\n<\/div><\/div><\/div><!-- close content main div --><\/div><\/div><div id='av_section_1' class='avia-section main_color avia-section-default avia-no-border-styling avia-full-stretch avia-bg-style-scroll   container_wrap fullsize lazyload' style = 'background-repeat: no-repeat; background-image:inherit;background-attachment: scroll; background-position: center center; ' data-section-bg-repeat='stretch'  data-bg-image='url(https:\/\/mulinbarot.it\/wp-content\/uploads\/2018\/06\/mulinbarot_contatti_bcg.jpg)'><div class='container' ><div class='template-page content  av-content-full alpha units'><div class='post-entry post-entry-type-page post-entry-1645'><div class='entry-content-wrapper clearfix'>\n<div class=\"flex_column av_one_fourth  flex_column_div av-zero-column-padding first  \" style='border-radius:0px; '><\/div><div class=\"flex_column av_one_half  flex_column_div av-zero-column-padding   \" style='border-radius:0px; '><section class=\"av_textblock_section \"  itemscope=\"itemscope\" itemtype=\"https:\/\/schema.org\/CreativeWork\" ><div class='avia_textblock  '   itemprop=\"text\" ><h2 style=\"text-align: center;\">Kontakte<\/h2>\n<\/div><\/section><\/div><div class=\"flex_column av_one_fourth  flex_column_div av-zero-column-padding   \" style='border-radius:0px; '><\/div><div style='height:64px' class='hr hr-invisible   '><span class='hr-inner ' ><span class='hr-inner-style'><\/span><\/span><\/div>\n<div class='flex_column_table av-equal-height-column-flextable -flextable' ><div class=\"flex_column av_one_half  no_margin flex_column_table_cell av-equal-height-column av-align-middle first   \" style='background: #ffffff; padding:30px; background-color:#ffffff; border-radius:0px; '><section class=\"av_textblock_section \"  itemscope=\"itemscope\" itemtype=\"https:\/\/schema.org\/CreativeWork\" ><div class='avia_textblock  '   itemprop=\"text\" ><h4 style=\"text-align: left; color: #422a1f !important;\">Unsere Verkaufsstelle<\/h4>\n<h6 style=\"text-align: left;\">Eine Anlaufstelle seit 1960.<\/h6>\n<div style=\"float: left; padding-top: 40px; width: 60%;\">\n<p>KONTAKTE<\/p>\n<p><span class=\"av_font_icon avia_animate_when_visible  av-icon-style-  avia-icon-pos-left \" style=\"color:#c47c5a; border-color:#c47c5a;\"><span class='av-icon-char' style='font-size:25px;line-height:25px;' aria-hidden='true' data-av_icon='\ue842' data-av_iconfont='entypo-fontello' ><\/span><\/span>Via Giacomo Matteotti 14c<br \/>\n10074 Lanzo Torinese, Torino.<\/p>\n<p style=\"text-align: left;\"><span class=\"av_font_icon avia_animate_when_visible  av-icon-style-  avia-icon-pos-left \" style=\"color:#c47c5a; border-color:#c47c5a;\"><span class='av-icon-char' style='font-size:25px;line-height:25px;' aria-hidden='true' data-av_icon='\ue854' data-av_iconfont='entypo-fontello' ><\/span><\/span>0123-29182<\/p>\n<p style=\"text-align: left;\"><span class=\"av_font_icon avia_animate_when_visible  av-icon-style-  avia-icon-pos-left \" style=\"color:#c47c5a; border-color:#c47c5a;\"><span class='av-icon-char' style='font-size:25px;line-height:25px;' aria-hidden='true' data-av_icon='\ue805' data-av_iconfont='entypo-fontello' ><\/span><\/span>mulinbarot@tiscali.it<\/p>\n<\/div>\n<div style=\"float: right; padding-top: 40px; width: 40%;\">\n<p>\u00d6FFNUNGSZEITEN<\/p>\n<p style=\"text-align: left;\">Von Montag bis Samstag<br \/>\n8:00 &#8211; 12:30<br \/>\n16:00 &#8211; 19:30<\/p>\n<p>Geschlossen am Mittwoch<br \/>\nund am Samstagnachmittag<br \/>\nSonntags geschlossen.<\/p>\n<\/div>\n<\/div><\/section><\/div><\/div><!--close column table wrapper. Autoclose: 1 --><div class='flex_column_table av-equal-height-column-flextable -flextable' ><div class=\"flex_column av_one_fourth  no_margin flex_column_table_cell av-equal-height-column av-align-middle av-zero-column-padding   \" style='border-radius:0px; '><div class='avia-image-container  av-styling- av-hover-grow    avia-align-center '  itemprop=\"ImageObject\" itemscope=\"itemscope\" itemtype=\"https:\/\/schema.org\/ImageObject\"  ><div class='avia-image-container-inner'><div class='avia-image-overlay-wrap'><img class='avia_image lazyload' data-src='https:\/\/mulinbarot.it\/wp-content\/uploads\/2018\/08\/mulinbarot_negozio_2-813x1030.jpg' alt='' title='mulinbarot_negozio_2' height=\"1030\"width=\"813\"  itemprop=\"thumbnailUrl\" src=\"data:image\/gif;base64,R0lGODlhAQABAAAAACH5BAEKAAEALAAAAAABAAEAAAICTAEAOw==\" style=\"--smush-placeholder-width: 813px; --smush-placeholder-aspect-ratio: 813\/1030;\" \/><noscript><img class='avia_image ' src='https:\/\/mulinbarot.it\/wp-content\/uploads\/2018\/08\/mulinbarot_negozio_2-813x1030.jpg' alt='' title='mulinbarot_negozio_2' height=\"1030\"width=\"813\"  itemprop=\"thumbnailUrl\"  \/><\/noscript><\/div><\/div><\/div><\/div><\/div><!--close column table wrapper. Autoclose: 1 --><div class='flex_column_table av-equal-height-column-flextable -flextable' ><div class=\"flex_column av_one_fourth  no_margin flex_column_table_cell av-equal-height-column av-align-middle av-zero-column-padding   \" style='border-radius:0px; '><div class='avia-image-container  av-styling- av-hover-grow    avia-align-center '  itemprop=\"ImageObject\" itemscope=\"itemscope\" itemtype=\"https:\/\/schema.org\/ImageObject\"  ><div class='avia-image-container-inner'><div class='avia-image-overlay-wrap'><img class='avia_image lazyload' data-src='https:\/\/mulinbarot.it\/wp-content\/uploads\/2018\/08\/mulinbarot_negozio_1-1030x717.jpg' alt='' title='mulinbarot_negozio_1' height=\"717\"width=\"1030\"  itemprop=\"thumbnailUrl\" src=\"data:image\/gif;base64,R0lGODlhAQABAAAAACH5BAEKAAEALAAAAAABAAEAAAICTAEAOw==\" style=\"--smush-placeholder-width: 1030px; --smush-placeholder-aspect-ratio: 1030\/717;\" \/><noscript><img class='avia_image ' src='https:\/\/mulinbarot.it\/wp-content\/uploads\/2018\/08\/mulinbarot_negozio_1-1030x717.jpg' alt='' title='mulinbarot_negozio_1' height=\"717\"width=\"1030\"  itemprop=\"thumbnailUrl\"  \/><\/noscript><\/div><\/div><\/div><\/div><\/div><!--close column table wrapper. Autoclose: 1 --><div style='height:64px' class='hr hr-invisible   '><span class='hr-inner ' ><span class='hr-inner-style'><\/span><\/span><\/div>\n<div class='flex_column_table av-equal-height-column-flextable -flextable' ><div class=\"flex_column av_one_half  no_margin flex_column_table_cell av-equal-height-column av-align-middle av-zero-column-padding first  \" style='border-radius:0px; '><div class='avia-image-container  av-styling-     avia-align-center '  itemprop=\"ImageObject\" itemscope=\"itemscope\" itemtype=\"https:\/\/schema.org\/ImageObject\"  ><div class='avia-image-container-inner'><div class='avia-image-overlay-wrap'><img class='avia_image lazyload' data-src='https:\/\/mulinbarot.it\/wp-content\/uploads\/2018\/06\/mulinbarot_laboratorio.jpg' alt='' title='mulinbarot_laboratorio' height=\"452\"width=\"581\"  itemprop=\"thumbnailUrl\" src=\"data:image\/gif;base64,R0lGODlhAQABAAAAACH5BAEKAAEALAAAAAABAAEAAAICTAEAOw==\" style=\"--smush-placeholder-width: 581px; --smush-placeholder-aspect-ratio: 581\/452;\" \/><noscript><img class='avia_image ' src='https:\/\/mulinbarot.it\/wp-content\/uploads\/2018\/06\/mulinbarot_laboratorio.jpg' alt='' title='mulinbarot_laboratorio' height=\"452\"width=\"581\"  itemprop=\"thumbnailUrl\"  \/><\/noscript><\/div><\/div><\/div><\/div><\/div><!--close column table wrapper. Autoclose: 1 --><div class='flex_column_table av-equal-height-column-flextable -flextable' ><div class=\"flex_column av_one_half  no_margin flex_column_table_cell av-equal-height-column av-align-middle    \" style='background: #ffffff; padding:30px; background-color:#ffffff; border-radius:0px; '><section class=\"av_textblock_section \"  itemscope=\"itemscope\" itemtype=\"https:\/\/schema.org\/CreativeWork\" ><div class='avia_textblock  '   itemprop=\"text\" ><h4 style=\"text-align: left; color: #422a1f !important;\">Die Werkstatt<\/h4>\n<h6 style=\"text-align: left;\">Wo der Geschmack beginnt<\/h6>\n<p>Hier erfolgt die Produktion unserer handwerklichen Produkte nach den Rezepten und Verarbeitungen von einst.<\/p>\n<div style=\"float: left; padding-top: 40px; width: 60%;\">\n<p>KONTAKTE<\/p>\n<p style=\"text-align: left;\"><span class=\"av_font_icon avia_animate_when_visible  av-icon-style-  avia-icon-pos-left \" style=\"color:#c47c5a; border-color:#c47c5a;\"><span class='av-icon-char' style='font-size:25px;line-height:25px;' aria-hidden='true' data-av_icon='\ue842' data-av_iconfont='entypo-fontello' ><\/span><\/span>Via Plassa 7<br \/>\n10070 Coassolo Torinese, Torino<\/p>\n<p style=\"text-align: left;\"><span class=\"av_font_icon avia_animate_when_visible  av-icon-style-  avia-icon-pos-left \" style=\"color:#c47c5a; border-color:#c47c5a;\"><span class='av-icon-char' style='font-size:25px;line-height:25px;' aria-hidden='true' data-av_icon='\ue854' data-av_iconfont='entypo-fontello' ><\/span><\/span>0123-45587<\/p>\n<p style=\"text-align: left;\"><span class=\"av_font_icon avia_animate_when_visible  av-icon-style-  avia-icon-pos-left \" style=\"color:#c47c5a; border-color:#c47c5a;\"><span class='av-icon-char' style='font-size:25px;line-height:25px;' aria-hidden='true' data-av_icon='\ue805' data-av_iconfont='entypo-fontello' ><\/span><\/span>info@mulinbarot.it<\/p>\n<\/div>\n<div style=\"float: right; padding-top: 40px; width: 40%;\">\n<p>\u00d6FFNUNGSZEITEN<\/p>\n<p style=\"text-align: left;\">Von Montag bis Freitag<br \/>\n8:00 &#8211; 12:30<\/p>\n<\/div>\n<\/div><\/section><\/div><\/div><!--close column table wrapper. Autoclose: 1 --><\/div><\/div><\/div><!-- close content main div --><\/div><\/div><div id='av_section_2' class='avia-section main_color avia-section-default avia-no-border-styling avia-full-stretch avia-bg-style-scroll   container_wrap fullsize lazyload' style = 'background-repeat: no-repeat; background-image:inherit;background-attachment: scroll; background-position: center center; ' data-section-bg-repeat='stretch'  data-bg-image='url(https:\/\/mulinbarot.it\/wp-content\/uploads\/2018\/06\/mulinbarot_contatti_prodotti.jpg)'><div class='container' ><div class='template-page content  av-content-full alpha units'><div class='post-entry post-entry-type-page post-entry-1645'><div class='entry-content-wrapper clearfix'>\n<div class=\"flex_column av_one_fourth  flex_column_div av-zero-column-padding first  \" style='border-radius:0px; '><\/div><div class=\"flex_column av_one_half  flex_column_div av-zero-column-padding   \" style='border-radius:0px; '><section class=\"av_textblock_section \"  itemscope=\"itemscope\" itemtype=\"https:\/\/schema.org\/CreativeWork\" ><div class='avia_textblock  '   itemprop=\"text\" ><h4 style=\"text-align: center; color: #422a1f !important;\">Wo finden Sie unsere Produkte?<\/h4>\n<h6 style=\"text-align: center;\">Unsere Partner in Piemont und Ligurien<\/h6>\n<\/div><\/section><\/div><div class=\"flex_column av_one_fourth  flex_column_div av-zero-column-padding   \" style='border-radius:0px; '><\/div><div class=\"flex_column av_one_half  flex_column_div av-zero-column-padding first  \" style='border-radius:0px; '><section class=\"av_textblock_section \"  itemscope=\"itemscope\" itemtype=\"https:\/\/schema.org\/CreativeWork\" ><div class='avia_textblock  '   itemprop=\"text\" ><h4 style=\"text-align: center;\">Turin<\/h4>\n<p style=\"text-align: center;\">ANGOLO DEI SAPORI &#8211; Corso Re Umberto, 36<\/p>\n<p style=\"text-align: center;\">GASTRONOMIA BAUDRACCO &#8211; Corso Vittorio Emanuele II, 62<\/p>\n<p style=\"text-align: center;\">PETITE LATERIE &#8211; Via Cristoforo Colombo, 2<\/p>\n<p style=\"text-align: center;\">ASTIGIANA CARNI &#8211; Via Don Grigoli 17\/b<\/p>\n<p style=\"text-align: center;\">EL CANTON DIJ FORMAGG &#8211; Corso Casale 314\/b<\/p>\n<p style=\"text-align: center;\">TARASCO &#8211; Corso Orbassano 168<\/p>\n<\/div><\/section><\/div><div class=\"flex_column av_one_half  flex_column_div av-zero-column-padding   \" style='border-radius:0px; '><section class=\"av_textblock_section \"  itemscope=\"itemscope\" itemtype=\"https:\/\/schema.org\/CreativeWork\" ><div class='avia_textblock  '   itemprop=\"text\" ><h4 style=\"text-align: center;\">Savona<\/h4>\n<p style=\"text-align: center;\">FONTANA SEBASTIANO<br \/>\nVia Aurelia 245. Varigotti (Finale Ligure)<\/p>\n<\/div><\/section><\/div><div class=\"flex_column av_one_half  flex_column_div av-zero-column-padding first  \" style='border-radius:0px; '><section class=\"av_textblock_section \"  itemscope=\"itemscope\" itemtype=\"https:\/\/schema.org\/CreativeWork\" ><div class='avia_textblock  '   itemprop=\"text\" ><h4 style=\"text-align: center;\">Valencia (ES)<\/h4>\n<p style=\"text-align: center;\">PUNTO ITALY<\/p>\n<h4 style=\"text-align: center;\">Reims (FR)<\/h4>\n<p style=\"text-align: center;\">MAISON FOSSATI<\/p>\n<\/div><\/section><\/div><\/div><\/div><\/div><!-- close content main div --><\/div><\/div><div id='av_section_3' class='avia-section main_color avia-section-default avia-no-border-styling avia-full-stretch avia-bg-style-scroll   container_wrap fullsize lazyload' style = 'background-repeat: no-repeat; background-image:inherit;background-attachment: scroll; background-position: center center; ' data-section-bg-repeat='stretch'  data-bg-image='url(https:\/\/mulinbarot.it\/wp-content\/uploads\/2018\/06\/mulinbarot_contatti_bcg.jpg)'><div class='container' ><div class='template-page content  av-content-full alpha units'><div class='post-entry post-entry-type-page post-entry-1645'><div class='entry-content-wrapper clearfix'>\n<div class='flex_column_table av-equal-height-column-flextable -flextable' ><div class=\"flex_column av_one_third  no_margin flex_column_table_cell av-equal-height-column av-align-middle first  \" style='background: #46291e; padding:20px; background-color:#46291e; border-radius:0px; '><section class=\"av_textblock_section \"  itemscope=\"itemscope\" itemtype=\"https:\/\/schema.org\/CreativeWork\" ><div class='avia_textblock  '   itemprop=\"text\" ><p><img loading=\"lazy\" decoding=\"async\" class=\"size-full wp-image-132 aligncenter lazyload\" data-src=\"https:\/\/mulinbarot.it\/wp-content\/uploads\/2018\/06\/mulinbarot_contatti_form.png\" alt=\"\" width=\"66\" height=\"50\" src=\"data:image\/gif;base64,R0lGODlhAQABAAAAACH5BAEKAAEALAAAAAABAAEAAAICTAEAOw==\" style=\"--smush-placeholder-width: 66px; --smush-placeholder-aspect-ratio: 66\/50;\" \/><noscript><img loading=\"lazy\" decoding=\"async\" class=\"size-full wp-image-132 aligncenter\" src=\"https:\/\/mulinbarot.it\/wp-content\/uploads\/2018\/06\/mulinbarot_contatti_form.png\" alt=\"\" width=\"66\" height=\"50\" \/><\/noscript><\/p>\n<h4 class=\"whiteTitles\" style=\"text-align: center; margin-top: 0px !important;\">Schreiben Sie uns<\/h4>\n<p class=\"whiteTitles\" style=\"text-align: center;\">Bei Fragen oder W\u00fcnschen z\u00f6gern Sie nicht uns zu kontaktieren! F\u00fcllen Sie das Formular aus und Sie werden so schnell wie m\u00f6glich kontaktiert.<\/p>\n<\/div><\/section><\/div><\/div><!--close column table wrapper. Autoclose: 1 --><div class='flex_column_table av-equal-height-column-flextable -flextable' ><div class=\"flex_column av_two_third  no_margin flex_column_table_cell av-equal-height-column av-align-middle   \" style='background: #ffffff; padding:25px; background-color:#ffffff; border-radius:0px; '><form action=\"https:\/\/mulinbarot.it\/de\/kontakte\/\" method=\"post\"  class=\"avia_ajax_form av-form-labels-hidden     \" data-avia-form-id=\"1\" data-avia-redirect=''><fieldset><h3>F\u00fcllen Sie das folgende Formular aus.<\/h3><p class=' first_form  form_element form_element_half' id='element_avia_1_1'> <input name=\"avia_1_1\" class=\"text_input is_empty\" type=\"text\" id=\"avia_1_1\" value=\"\"  placeholder='Name*'\/><\/p><p class=' form_element form_element_half' id='element_avia_2_1'> <input name=\"avia_2_1\" class=\"text_input is_email\" type=\"text\" id=\"avia_2_1\" value=\"\"  placeholder='E-Mail*'\/><\/p><p class=' first_form  form_element form_fullwidth av-last-visible-form-element' id='element_avia_3_1'>\t <textarea  placeholder='Nachricht*' name=\"avia_3_1\" class=\"text_area is_empty\" cols=\"40\" rows=\"7\" id=\"avia_3_1\" ><\/textarea><\/p><p class=\"hidden\"><input type=\"text\" name=\"avia_4_1\" class=\"hidden \" id=\"avia_4_1\" value=\"\" \/><\/p><p class=\"form_element \"><input type=\"hidden\" value=\"1\" name=\"avia_generated_form1\" \/><input type=\"submit\" value=\"SENDEN\" class=\"button\"  data-sending-label=\"Sende\"\/><\/p><\/fieldset><\/form><div id=\"ajaxresponse_1\" class=\"ajaxresponse ajaxresponse_1 hidden\"><\/div><\/div><\/div><!--close column table wrapper. Autoclose: 1 --><section class=\"avia_codeblock_section  avia_code_block_0\"  itemscope=\"itemscope\" itemtype=\"https:\/\/schema.org\/CreativeWork\" ><div class='avia_codeblock '  itemprop=\"text\" > [avia_codeblock_placeholder uid=\"0\"] <\/div><\/section>\n<\/p>\n","protected":false},"excerpt":{"rendered":"","protected":false},"author":1,"featured_media":0,"parent":0,"menu_order":0,"comment_status":"closed","ping_status":"closed","template":"","meta":{"_acf_changed":false,"inline_featured_image":false,"footnotes":""},"class_list":["post-1645","page","type-page","status-publish","hentry"],"acf":[],"jetpack_sharing_enabled":true,"_links":{"self":[{"href":"https:\/\/mulinbarot.it\/de\/wp-json\/wp\/v2\/pages\/1645","targetHints":{"allow":["GET"]}}],"collection":[{"href":"https:\/\/mulinbarot.it\/de\/wp-json\/wp\/v2\/pages"}],"about":[{"href":"https:\/\/mulinbarot.it\/de\/wp-json\/wp\/v2\/types\/page"}],"author":[{"embeddable":true,"href":"https:\/\/mulinbarot.it\/de\/wp-json\/wp\/v2\/users\/1"}],"replies":[{"embeddable":true,"href":"https:\/\/mulinbarot.it\/de\/wp-json\/wp\/v2\/comments?post=1645"}],"version-history":[{"count":2,"href":"https:\/\/mulinbarot.it\/de\/wp-json\/wp\/v2\/pages\/1645\/revisions"}],"predecessor-version":[{"id":1649,"href":"https:\/\/mulinbarot.it\/de\/wp-json\/wp\/v2\/pages\/1645\/revisions\/1649"}],"wp:attachment":[{"href":"https:\/\/mulinbarot.it\/de\/wp-json\/wp\/v2\/media?parent=1645"}],"curies":[{"name":"wp","href":"https:\/\/api.w.org\/{rel}","templated":true}]}}